{"id":16,"date":"2023-09-26T00:23:39","date_gmt":"2023-09-26T00:23:39","guid":{"rendered":"https:\/\/ienomat.com.br\/fadaf\/?page_id=16"},"modified":"2025-03-27T19:06:12","modified_gmt":"2025-03-27T19:06:12","slug":"biblioteca-virtual-e-fisica","status":"publish","type":"page","link":"https:\/\/ienomat.com.br\/fadaf\/biblioteca-virtual-e-fisica\/","title":{"rendered":"BIBLIOTECA VIRTUAL E F\u00cdSICA"},"content":{"rendered":"\n<p>A Biblioteca Virtual est\u00e1 dispon\u00edvel para desktop, tablets e smartphones com navega\u00e7\u00e3o intuitiva. \u00c9 poss\u00edvel procurar por palavras-chaves, tem\u00e1ticas, assuntos ou conte\u00fados espec\u00edficos. Entre os recursos da plataforma, h\u00e1 possibilidade de continuar a ler de onde parou, al\u00e9m de sincronizar notas, destaques, marca\u00e7\u00f5es, a \u00faltima p\u00e1gina lida e todas as intera\u00e7\u00f5es com os e-books em todos os dispositivos conectados.<\/p>\n\n\n\n<h2 class=\"wp-block-heading\">Biblioteca F\u00edsica<span style=\"color: rgb(0, 0, 0); font-family: Roboto; font-size: 14px; font-style: normal; font-variant-ligatures: normal; font-variant-caps: normal; font-weight: 400; letter-spacing: normal; orphans: 2; text-align: start; text-indent: 0px; text-transform: none; widows: 2; word-spacing: 0px; -webkit-text-stroke-width: 0px; white-space: normal; text-decoration-thickness: initial; text-decoration-style: initial; text-decoration-color: initial; display: inline !important; float: none;\"><\/span><\/h2>\n\n\n\n<div class=\"wp-block-media-text is-stacked-on-mobile\" style=\"grid-template-columns:35% auto\"><figure class=\"wp-block-media-text__media\"><a href=\"https:\/\/tinyurl.com\/bibuniflor\"><img loading=\"lazy\" decoding=\"async\" width=\"393\" height=\"260\" src=\"https:\/\/ienomat.com.br\/fadaf\/wp-content\/uploads\/2023\/09\/sophiabiblioteca.png\" alt=\"\" class=\"wp-image-42 size-full\" srcset=\"https:\/\/ienomat.com.br\/fadaf\/wp-content\/uploads\/2023\/09\/sophiabiblioteca.png 393w, https:\/\/ienomat.com.br\/fadaf\/wp-content\/uploads\/2023\/09\/sophiabiblioteca-300x198.png 300w\" sizes=\"auto, (max-width: 393px) 100vw, 393px\" \/><\/a><\/figure><div class=\"wp-block-media-text__content\">\n<ul class=\"wp-block-list has-x-large-font-size\">\n<li style=\"font-size:19px\"><span style=\"color: rgb(0, 0, 0); font-family: Roboto; font-size: 14px; font-style: normal; font-variant-ligatures: normal; font-variant-caps: normal; font-weight: 400; letter-spacing: normal; orphans: 2; text-align: start; text-indent: 0px; text-transform: none; widows: 2; word-spacing: 0px; -webkit-text-stroke-width: 0px; white-space: normal; text-decoration-thickness: initial; text-decoration-style: initial; text-decoration-color: initial; display: inline !important; float: none;\">26.856 n\u00fameros de exemplares<\/span><\/li>\n\n\n\n<li class=\"has-medium-font-size\"><a href=\"https:\/\/biblioteca.sophia.com.br\/terminal\/2865\" target=\"_blank\" rel=\"noreferrer noopener\">Acessar aqui<\/a><\/li>\n<\/ul>\n<\/div><\/div>\n\n\n\n<h2 class=\"wp-block-heading\">Biblioteca Virtual Pearson<\/h2>\n\n\n\n<div class=\"wp-block-media-text is-stacked-on-mobile\" style=\"grid-template-columns:65% auto\"><figure class=\"wp-block-media-text__media\"><img loading=\"lazy\" decoding=\"async\" width=\"990\" height=\"320\" src=\"https:\/\/ienomat.com.br\/fadaf\/wp-content\/uploads\/2023\/09\/pearsonbibio.jpg\" alt=\"\" class=\"wp-image-43 size-full\" srcset=\"https:\/\/ienomat.com.br\/fadaf\/wp-content\/uploads\/2023\/09\/pearsonbibio.jpg 990w, https:\/\/ienomat.com.br\/fadaf\/wp-content\/uploads\/2023\/09\/pearsonbibio-300x97.jpg 300w, https:\/\/ienomat.com.br\/fadaf\/wp-content\/uploads\/2023\/09\/pearsonbibio-768x248.jpg 768w\" sizes=\"auto, (max-width: 990px) 100vw, 990px\" \/><\/figure><div class=\"wp-block-media-text__content\">\n<p><strong>Usu\u00e1rio e senha padr\u00e3o:<\/strong><\/p>\n\n\n\n<p><a href=\"https:\/\/plataforma.bvirtual.com.br\/Account\/Login?redirectUrl=\/&amp;idLogin=776873&amp;token=bd1c51658166fec59cd730f9044e6927\">Acessar aqui<\/a><\/p>\n\n\n\n<p>Login: email<br>Senha: 123789@mudaR<\/p>\n<\/div><\/div>\n\n\n\n<p><\/p>\n\n\n\n<h2 class=\"wp-block-heading\">Quero me cadastrar na biblioteca virtual?<\/h2>\n\n\n\n<div class=\"wp-block-buttons has-custom-font-size has-medium-font-size is-content-justification-center is-layout-flex wp-container-core-buttons-is-layout-16018d1d wp-block-buttons-is-layout-flex\">\n<div class=\"wp-block-button\"><a class=\"wp-block-button__link wp-element-button\" href=\"https:\/\/ienomat.com.br\/formulario\/modules\/form_builder\/published\/bibbliotecavirtual.php\">N\u00e3o tenho cadastro&#8230;<\/a><\/div>\n<\/div>\n\n\n\n<p><\/p>\n","protected":false},"excerpt":{"rendered":"<p>A Biblioteca Virtual est\u00e1 dispon\u00edvel para desktop, tablets e smartphones com navega\u00e7\u00e3o intuitiva. \u00c9 poss\u00edvel procurar por palavras-chaves, tem\u00e1ticas, assuntos ou conte\u00fados espec\u00edficos. Entre os recursos da plataforma, h\u00e1 possibilidade de continuar a ler de onde parou, al\u00e9m de sincronizar notas, destaques, marca\u00e7\u00f5es, a \u00faltima p\u00e1gina lida e todas as intera\u00e7\u00f5es com os e-books em<\/p><\/div>\n<div class=\"blog-btn\"><a href=\"https:\/\/ienomat.com.br\/fadaf\/biblioteca-virtual-e-fisica\/\" class=\"home-blog-btn\">Ler mais<\/a><\/p>\n","protected":false},"author":1,"featured_media":0,"parent":0,"menu_order":0,"comment_status":"closed","ping_status":"closed","template":"","meta":{"footnotes":""},"class_list":["post-16","page","type-page","status-publish","hentry"],"_links":{"self":[{"href":"https:\/\/ienomat.com.br\/fadaf\/wp-json\/wp\/v2\/pages\/16","targetHints":{"allow":["GET"]}}],"collection":[{"href":"https:\/\/ienomat.com.br\/fadaf\/wp-json\/wp\/v2\/pages"}],"about":[{"href":"https:\/\/ienomat.com.br\/fadaf\/wp-json\/wp\/v2\/types\/page"}],"author":[{"embeddable":true,"href":"https:\/\/ienomat.com.br\/fadaf\/wp-json\/wp\/v2\/users\/1"}],"replies":[{"embeddable":true,"href":"https:\/\/ienomat.com.br\/fadaf\/wp-json\/wp\/v2\/comments?post=16"}],"version-history":[{"count":5,"href":"https:\/\/ienomat.com.br\/fadaf\/wp-json\/wp\/v2\/pages\/16\/revisions"}],"predecessor-version":[{"id":413,"href":"https:\/\/ienomat.com.br\/fadaf\/wp-json\/wp\/v2\/pages\/16\/revisions\/413"}],"wp:attachment":[{"href":"https:\/\/ienomat.com.br\/fadaf\/wp-json\/wp\/v2\/media?parent=16"}],"curies":[{"name":"wp","href":"https:\/\/api.w.org\/{rel}","templated":true}]}}