{"id":301,"date":"2024-10-10T23:41:30","date_gmt":"2024-10-10T23:41:30","guid":{"rendered":"https:\/\/ienomat.com.br\/fadaf\/?page_id=301"},"modified":"2025-05-13T23:35:17","modified_gmt":"2025-05-13T23:35:17","slug":"vestibular","status":"publish","type":"page","link":"https:\/\/ienomat.com.br\/fadaf\/vestibular\/","title":{"rendered":"Vestibular"},"content":{"rendered":"\n<h3 class=\"wp-block-heading has-text-align-center\">Fa\u00e7a j\u00e1 sua inscri\u00e7\u00e3o<\/h3>\n\n\n\n<script type=\"text\/javascript\" src=\"https:\/\/form.jotform.com\/jsform\/251323424090648\"><\/script>\n\n\n\n<hr class=\"wp-block-separator has-alpha-channel-opacity\"\/>\n\n\n\n<h3 class=\"wp-block-heading has-text-align-center\">Editais<\/h3>\n\n\n\n<p><\/p>\n\n\n\n<div data-wp-interactive=\"core\/file\" class=\"wp-block-file\"><object data-wp-bind--hidden=\"!state.hasPdfPreview\" hidden class=\"wp-block-file__embed\" data=\"https:\/\/ienomat.com.br\/fadaf\/wp-content\/uploads\/2025\/05\/edital-presencial-20252-ienomat.pdf\" type=\"application\/pdf\" style=\"width:100%;height:600px\" aria-label=\"Incorpora\u00e7\u00e3o de Edital presencial 20252 IENOMAT.\"><\/object><a id=\"wp-block-file--media-eed45cd0-0dee-4969-8ea5-5e56b15e2b14\" href=\"https:\/\/ienomat.com.br\/fadaf\/wp-content\/uploads\/2025\/05\/edital-presencial-20252-ienomat.pdf\">Edital presencial 20252 IENOMAT<\/a><a href=\"https:\/\/ienomat.com.br\/fadaf\/wp-content\/uploads\/2025\/05\/edital-presencial-20252-ienomat.pdf\" class=\"wp-block-file__button wp-element-button\" download aria-describedby=\"wp-block-file--media-eed45cd0-0dee-4969-8ea5-5e56b15e2b14\">Descarregar<\/a><\/div>\n\n\n\n<p><\/p>\n","protected":false},"excerpt":{"rendered":"<p>Fa\u00e7a j\u00e1 sua inscri\u00e7\u00e3o Editais<\/p>\n","protected":false},"author":1,"featured_media":0,"parent":0,"menu_order":0,"comment_status":"closed","ping_status":"closed","template":"template\/template-page-full-width.php","meta":{"footnotes":""},"class_list":["post-301","page","type-page","status-publish","hentry"],"_links":{"self":[{"href":"https:\/\/ienomat.com.br\/fadaf\/wp-json\/wp\/v2\/pages\/301","targetHints":{"allow":["GET"]}}],"collection":[{"href":"https:\/\/ienomat.com.br\/fadaf\/wp-json\/wp\/v2\/pages"}],"about":[{"href":"https:\/\/ienomat.com.br\/fadaf\/wp-json\/wp\/v2\/types\/page"}],"author":[{"embeddable":true,"href":"https:\/\/ienomat.com.br\/fadaf\/wp-json\/wp\/v2\/users\/1"}],"replies":[{"embeddable":true,"href":"https:\/\/ienomat.com.br\/fadaf\/wp-json\/wp\/v2\/comments?post=301"}],"version-history":[{"count":13,"href":"https:\/\/ienomat.com.br\/fadaf\/wp-json\/wp\/v2\/pages\/301\/revisions"}],"predecessor-version":[{"id":430,"href":"https:\/\/ienomat.com.br\/fadaf\/wp-json\/wp\/v2\/pages\/301\/revisions\/430"}],"wp:attachment":[{"href":"https:\/\/ienomat.com.br\/fadaf\/wp-json\/wp\/v2\/media?parent=301"}],"curies":[{"name":"wp","href":"https:\/\/api.w.org\/{rel}","templated":true}]}}