{"id":363,"date":"2024-10-11T17:22:57","date_gmt":"2024-10-11T17:22:57","guid":{"rendered":"https:\/\/ienomat.com.br\/fadaf\/?page_id=363"},"modified":"2024-10-11T17:39:20","modified_gmt":"2024-10-11T17:39:20","slug":"portal-academico-ava-2","status":"publish","type":"page","link":"https:\/\/ienomat.com.br\/fadaf\/portal-academico-ava-2\/","title":{"rendered":"Portal Acad\u00eamico\/AVA"},"content":{"rendered":"\n<td style=\"width: 439px;\"> \n<h3 style=\"text-align: center;\">Login=<strong>e-mail<\/strong>  Senha=<strong>*****6<\/strong><\/h3>\n<p style=\"text-align: center;\"><iframe loading=\"lazy\" id=\"I2\" src=\"https:\/\/euestudo.com.vc\/online\/cs\/loginF.aspx?s=1\" width=\"300\" height=\"120\" frameborder=\"0\" marginwidth=\"0\" marginheight=\"0\" scrolling=\"No\"><\/iframe><\/p>\n<p> <\/p>\n<\/td>\n\n\n\n<div class=\"wp-block-media-text is-stacked-on-mobile\"><figure class=\"wp-block-media-text__media\"><img loading=\"lazy\" decoding=\"async\" width=\"473\" height=\"1024\" src=\"https:\/\/ienomat.com.br\/fadaf\/wp-content\/uploads\/2024\/10\/avapainel-473x1024.jpg\" alt=\"\" class=\"wp-image-367 size-full\" srcset=\"https:\/\/ienomat.com.br\/fadaf\/wp-content\/uploads\/2024\/10\/avapainel-473x1024.jpg 473w, https:\/\/ienomat.com.br\/fadaf\/wp-content\/uploads\/2024\/10\/avapainel-139x300.jpg 139w, https:\/\/ienomat.com.br\/fadaf\/wp-content\/uploads\/2024\/10\/avapainel.jpg 591w\" sizes=\"auto, (max-width: 473px) 100vw, 473px\" \/><\/figure><div class=\"wp-block-media-text__content\">\n<p>Ol\u00e1, estudante e professores.<\/p>\n\n\n\n<p><strong>Sejam bem-vindos ao nosso AVA &#8211; Ambiente Virtual de Aprendizagem.&nbsp;<\/strong><\/p>\n\n\n\n<p>As informa\u00e7\u00f5es que ser\u00e3o postadas aqui, neste mural, poder\u00e3o ser acessadas clicando nos banners. Qualquer d\u00favida, basta clicar no banner sobre a informa\u00e7\u00e3o a qual tenha interesse que voc\u00ea ser\u00e1 direcionado \u00e0 p\u00e1gina correspondente.&nbsp;<\/p>\n\n\n\n<p><em>Que possamos ter um \u00f3timo semestre!!!&nbsp;<\/em><\/p>\n<\/div><\/div>\n\n\n\n<p><\/p>\n","protected":false},"excerpt":{"rendered":"<p>Login=e-mail Senha=*****6 Ol\u00e1, estudante e professores. Sejam bem-vindos ao nosso AVA &#8211; Ambiente Virtual de Aprendizagem.&nbsp; As informa\u00e7\u00f5es que ser\u00e3o postadas aqui, neste mural, poder\u00e3o ser acessadas clicando nos banners. Qualquer d\u00favida, basta clicar no banner sobre a informa\u00e7\u00e3o a qual tenha interesse que voc\u00ea ser\u00e1 direcionado \u00e0 p\u00e1gina correspondente.&nbsp; Que possamos ter um \u00f3timo<\/p><\/div>\n<div class=\"blog-btn\"><a href=\"https:\/\/ienomat.com.br\/fadaf\/portal-academico-ava-2\/\" class=\"home-blog-btn\">Ler mais<\/a><\/p>\n","protected":false},"author":1,"featured_media":0,"parent":0,"menu_order":0,"comment_status":"closed","ping_status":"closed","template":"","meta":{"footnotes":""},"class_list":["post-363","page","type-page","status-publish","hentry"],"_links":{"self":[{"href":"https:\/\/ienomat.com.br\/fadaf\/wp-json\/wp\/v2\/pages\/363","targetHints":{"allow":["GET"]}}],"collection":[{"href":"https:\/\/ienomat.com.br\/fadaf\/wp-json\/wp\/v2\/pages"}],"about":[{"href":"https:\/\/ienomat.com.br\/fadaf\/wp-json\/wp\/v2\/types\/page"}],"author":[{"embeddable":true,"href":"https:\/\/ienomat.com.br\/fadaf\/wp-json\/wp\/v2\/users\/1"}],"replies":[{"embeddable":true,"href":"https:\/\/ienomat.com.br\/fadaf\/wp-json\/wp\/v2\/comments?post=363"}],"version-history":[{"count":2,"href":"https:\/\/ienomat.com.br\/fadaf\/wp-json\/wp\/v2\/pages\/363\/revisions"}],"predecessor-version":[{"id":369,"href":"https:\/\/ienomat.com.br\/fadaf\/wp-json\/wp\/v2\/pages\/363\/revisions\/369"}],"wp:attachment":[{"href":"https:\/\/ienomat.com.br\/fadaf\/wp-json\/wp\/v2\/media?parent=363"}],"curies":[{"name":"wp","href":"https:\/\/api.w.org\/{rel}","templated":true}]}}